{"id":18,"date":"2025-10-14T19:39:31","date_gmt":"2025-10-14T19:39:31","guid":{"rendered":"https:\/\/www.iglas.dk\/?page_id=18"},"modified":"2026-02-22T20:18:56","modified_gmt":"2026-02-22T20:18:56","slug":"intelligent-glas","status":"publish","type":"page","link":"https:\/\/www.iglas.dk\/","title":{"rendered":"Forside"},"content":{"rendered":"\t\t<div data-elementor-type=\"wp-page\" data-elementor-id=\"18\" class=\"elementor elementor-18\">\n\t\t\t\t<div class=\"elementor-element elementor-element-b2b7975 e-flex e-con-boxed e-con e-parent\" data-id=\"b2b7975\" data-element_type=\"container\" data-e-type=\"container\">\n\t\t\t\t\t<div class=\"e-con-inner\">\n\t\t\t\t<div class=\"elementor-element elementor-element-a5b3540 elementor-widget elementor-widget-video\" data-id=\"a5b3540\" data-element_type=\"widget\" data-e-type=\"widget\" data-settings=\"{&quot;video_type&quot;:&quot;hosted&quot;,&quot;autoplay&quot;:&quot;yes&quot;,&quot;play_on_mobile&quot;:&quot;yes&quot;,&quot;mute&quot;:&quot;yes&quot;,&quot;loop&quot;:&quot;yes&quot;}\" data-widget_type=\"video.default\">\n\t\t\t\t\t\t\t<div class=\"e-hosted-video elementor-wrapper elementor-open-inline\">\n\t\t\t\t\t<video class=\"elementor-video\" src=\"https:\/\/www.iglas.dk\/wp-content\/uploads\/2025\/10\/iGlas.mp4\" autoplay=\"\" loop=\"\" muted=\"muted\" playsinline=\"\" controlsList=\"nodownload\"><\/video>\n\t\t\t\t<\/div>\n\t\t\t\t\t\t<\/div>\n\t\t\t\t\t<\/div>\n\t\t\t\t<\/div>\n\t\t<div class=\"elementor-element elementor-element-6dc86fb e-flex e-con-boxed e-con e-parent\" data-id=\"6dc86fb\" data-element_type=\"container\" data-e-type=\"container\">\n\t\t\t\t\t<div class=\"e-con-inner\">\n\t\t\t\t<div class=\"elementor-element elementor-element-253c244 elementor-widget elementor-widget-heading\" data-id=\"253c244\" data-element_type=\"widget\" data-e-type=\"widget\" data-widget_type=\"heading.default\">\n\t\t\t\t\t<h2 class=\"elementor-heading-title elementor-size-default\">iGlas \u2013 Fremtidens fleksible glasl\u00f8sning<\/h2>\t\t\t\t<\/div>\n\t\t\t\t<div class=\"elementor-element elementor-element-1914395 elementor-widget elementor-widget-text-editor\" data-id=\"1914395\" data-element_type=\"widget\" data-e-type=\"widget\" data-widget_type=\"text-editor.default\">\n\t\t\t\t\t\t\t\t\t<p>Oplev intelligent glasstyring med iGlas \u2013 en innovativ l\u00f8sning, hvor du nemt kan skifte mellem klart og matteret glas med \u00e9t klik.<br \/>Uanset om du v\u00e6lger fjernbetjening eller touch-kontakt, f\u00e5r du fuld kontrol over dit glas\u2019 udtryk og funktionalitet.<\/p>\t\t\t\t\t\t\t\t<\/div>\n\t\t\t\t<div class=\"elementor-element elementor-element-fa7107f elementor-widget elementor-widget-text-editor\" data-id=\"fa7107f\" data-element_type=\"widget\" data-e-type=\"widget\" data-widget_type=\"text-editor.default\">\n\t\t\t\t\t\t\t\t\t<p data-start=\"355\" data-end=\"660\">iGlas er den ideelle l\u00f8sning til virksomheder, hospitaler og industrielle milj\u00f8er, hvor funktion, hygiejne og fleksibilitet er i h\u00f8js\u00e6det.<br \/>Med \u00e9t tryk skifter glasset fra klart til matteret \u2013 og giver dig fuld kontrol over afsk\u00e6rmning og diskretion, uden at g\u00e5 p\u00e5 kompromis med \u00e6stetik og lysindfald.<\/p><ul><li><strong data-start=\"681\" data-end=\"708\">Kontorer og m\u00f8delokaler<\/strong> \u2013 skab ro og fortrolighed ved behov, uden at miste rummets \u00e5benhed og dagslys<\/li><li><strong data-start=\"791\" data-end=\"818\">Hospitaler og klinikker<\/strong> \u2013 opn\u00e5 diskretion og hygiejne i behandlingsrum, patientzoner og venteomr\u00e5der<\/li><li><strong data-start=\"819\" data-end=\"841\">Hoteller &amp; boliger<\/strong> \u2013 privatliv og eksklusiv stemning med et stilrent udtryk<\/li><li><strong data-start=\"988\" data-end=\"1007\">Yachts &amp; marine<\/strong> \u2013 moderne afsk\u00e6rmning til kabiner, badev\u00e6relser og d\u00e6k, hvor plads og luksus g\u00e5r h\u00e5nd i h\u00e5nd<\/li><li><strong data-start=\"900\" data-end=\"926\">Industri og produktion<\/strong> \u2013 sikr afsk\u00e6rmning af maskiner, laboratorier eller f\u00f8lsomme processer med mulighed for hurtigt gennemsyn<\/li><li><strong data-start=\"1075\" data-end=\"1101\">Lufthavne &amp; terminaler<\/strong> \u2013 fleksibel zonering af lounges, m\u00f8derum og personalefaciliteter<\/li><\/ul><p data-start=\"1033\" data-end=\"1060\"><strong data-start=\"1033\" data-end=\"1060\">Fordele ved iGlas:<\/strong><\/p><ul><li data-start=\"1063\" data-end=\"1107\">Skift mellem klart og matteret med \u00e9t klik<\/li><li data-start=\"1063\" data-end=\"1107\">\u00d8get diskretion uden gardiner eller foldev\u00e6gge<\/li><li data-start=\"1063\" data-end=\"1107\">Nem reng\u00f8ring og h\u00f8j hygiejnestandard \u2013 ideel til sundhedssektoren<\/li><li data-start=\"1063\" data-end=\"1107\">F\u00e5s i specialm\u00e5l<\/li><li data-start=\"1063\" data-end=\"1107\">Brugervenlig styring via fjernbetjening eller touch-kontakt\u00a0<\/li><li data-start=\"1063\" data-end=\"1107\">Til b\u00e5de indend\u00f8rs og udend\u00f8rs brug<\/li><\/ul><p data-start=\"1440\" data-end=\"1599\">iGlas skaber fleksible rum, hvor funktion og design g\u00e5r h\u00e5nd i h\u00e5nd. En moderne l\u00f8sning til dig, der \u00f8nsker kontrol, komfort og kvalitet \u2013 uanset branche.<\/p>\t\t\t\t\t\t\t\t<\/div>\n\t\t\t\t\t<\/div>\n\t\t\t\t<\/div>\n\t\t<div class=\"elementor-element elementor-element-660f042 e-flex e-con-boxed e-con e-parent\" data-id=\"660f042\" data-element_type=\"container\" data-e-type=\"container\">\n\t\t\t\t\t<div class=\"e-con-inner\">\n\t\t\t\t\t<\/div>\n\t\t\t\t<\/div>\n\t\t\t\t<\/div>\n\t\t","protected":false},"excerpt":{"rendered":"<p>https:\/\/www.iglas.dk\/wp-content\/uploads\/2025\/10\/iGlas.mp4 iGlas \u2013 Fremtidens fleksible glasl\u00f8sning Oplev intelligent glasstyring med iGlas \u2013 en innovativ l\u00f8sning, hvor du nemt kan skifte mellem klart og matteret glas med \u00e9t klik.Uanset om du v\u00e6lger fjernbetjening eller touch-kontakt, f\u00e5r du fuld kontrol over dit glas\u2019 udtryk og funktionalitet. iGlas er den ideelle l\u00f8sning til virksomheder, hospitaler og industrielle milj\u00f8er, [&hellip;]<\/p>\n","protected":false},"author":1,"featured_media":0,"parent":0,"menu_order":0,"comment_status":"closed","ping_status":"closed","template":"","meta":{"footnotes":""},"class_list":["post-18","page","type-page","status-publish","hentry"],"yoast_head":"<!-- This site is optimized with the Yoast SEO plugin v27.2 - https:\/\/yoast.com\/product\/yoast-seo-wordpress\/ -->\n<title>Intelligent Glas - Fremtidens Glasl\u00f8sning<\/title>\n<meta name=\"description\" content=\"Oplev intelligent glasstyring med iGlas \u2013 en innovativ l\u00f8sning, hvor du nemt kan skifte mellem klart og matteret glas med \u00e9t klik.\" \/>\n<meta name=\"robots\" content=\"index, follow, max-snippet:-1, max-image-preview:large, max-video-preview:-1\" \/>\n<link rel=\"canonical\" href=\"https:\/\/www.iglas.dk\/\" \/>\n<meta property=\"og:locale\" content=\"da_DK\" \/>\n<meta property=\"og:type\" content=\"article\" \/>\n<meta property=\"og:title\" content=\"Intelligent Glas - Fremtidens Glasl\u00f8sning\" \/>\n<meta property=\"og:description\" content=\"Oplev intelligent glasstyring med iGlas \u2013 en innovativ l\u00f8sning, hvor du nemt kan skifte mellem klart og matteret glas med \u00e9t klik.\" \/>\n<meta property=\"og:url\" content=\"https:\/\/www.iglas.dk\/\" \/>\n<meta property=\"og:site_name\" content=\"iGlas\" \/>\n<meta property=\"article:modified_time\" content=\"2026-02-22T20:18:56+00:00\" \/>\n<meta property=\"og:image\" content=\"https:\/\/www.iglas.dk\/wp-content\/uploads\/2026\/01\/iglas-logo600.png\" \/>\n\t<meta property=\"og:image:width\" content=\"600\" \/>\n\t<meta property=\"og:image:height\" content=\"91\" \/>\n\t<meta property=\"og:image:type\" content=\"image\/png\" \/>\n<meta name=\"twitter:card\" content=\"summary_large_image\" \/>\n<meta name=\"twitter:label1\" content=\"Estimeret l\u00e6setid\" \/>\n\t<meta name=\"twitter:data1\" content=\"2 minutter\" \/>\n<script type=\"application\/ld+json\" class=\"yoast-schema-graph\">{\"@context\":\"https:\/\/schema.org\",\"@graph\":[{\"@type\":\"WebPage\",\"@id\":\"https:\/\/www.iglas.dk\/\",\"url\":\"https:\/\/www.iglas.dk\/\",\"name\":\"Intelligent Glas - Fremtidens Glasl\u00f8sning\",\"isPartOf\":{\"@id\":\"https:\/\/www.iglas.dk\/#website\"},\"datePublished\":\"2025-10-14T19:39:31+00:00\",\"dateModified\":\"2026-02-22T20:18:56+00:00\",\"description\":\"Oplev intelligent glasstyring med iGlas \u2013 en innovativ l\u00f8sning, hvor du nemt kan skifte mellem klart og matteret glas med \u00e9t klik.\",\"breadcrumb\":{\"@id\":\"https:\/\/www.iglas.dk\/#breadcrumb\"},\"inLanguage\":\"da-DK\",\"potentialAction\":[{\"@type\":\"ReadAction\",\"target\":[\"https:\/\/www.iglas.dk\/\"]}]},{\"@type\":\"BreadcrumbList\",\"@id\":\"https:\/\/www.iglas.dk\/#breadcrumb\",\"itemListElement\":[{\"@type\":\"ListItem\",\"position\":1,\"name\":\"Hjem\",\"item\":\"https:\/\/www.iglas.dk\/\"},{\"@type\":\"ListItem\",\"position\":2,\"name\":\"Forside\"}]},{\"@type\":\"WebSite\",\"@id\":\"https:\/\/www.iglas.dk\/#website\",\"url\":\"https:\/\/www.iglas.dk\/\",\"name\":\"iGlas\",\"description\":\"Intelligent Glas\",\"potentialAction\":[{\"@type\":\"SearchAction\",\"target\":{\"@type\":\"EntryPoint\",\"urlTemplate\":\"https:\/\/www.iglas.dk\/?s={search_term_string}\"},\"query-input\":{\"@type\":\"PropertyValueSpecification\",\"valueRequired\":true,\"valueName\":\"search_term_string\"}}],\"inLanguage\":\"da-DK\"}]}<\/script>\n<!-- \/ Yoast SEO plugin. -->","yoast_head_json":{"title":"Intelligent Glas - Fremtidens Glasl\u00f8sning","description":"Oplev intelligent glasstyring med iGlas \u2013 en innovativ l\u00f8sning, hvor du nemt kan skifte mellem klart og matteret glas med \u00e9t klik.","robots":{"index":"index","follow":"follow","max-snippet":"max-snippet:-1","max-image-preview":"max-image-preview:large","max-video-preview":"max-video-preview:-1"},"canonical":"https:\/\/www.iglas.dk\/","og_locale":"da_DK","og_type":"article","og_title":"Intelligent Glas - Fremtidens Glasl\u00f8sning","og_description":"Oplev intelligent glasstyring med iGlas \u2013 en innovativ l\u00f8sning, hvor du nemt kan skifte mellem klart og matteret glas med \u00e9t klik.","og_url":"https:\/\/www.iglas.dk\/","og_site_name":"iGlas","article_modified_time":"2026-02-22T20:18:56+00:00","og_image":[{"width":600,"height":91,"url":"https:\/\/www.iglas.dk\/wp-content\/uploads\/2026\/01\/iglas-logo600.png","type":"image\/png"}],"twitter_card":"summary_large_image","twitter_misc":{"Estimeret l\u00e6setid":"2 minutter"},"schema":{"@context":"https:\/\/schema.org","@graph":[{"@type":"WebPage","@id":"https:\/\/www.iglas.dk\/","url":"https:\/\/www.iglas.dk\/","name":"Intelligent Glas - Fremtidens Glasl\u00f8sning","isPartOf":{"@id":"https:\/\/www.iglas.dk\/#website"},"datePublished":"2025-10-14T19:39:31+00:00","dateModified":"2026-02-22T20:18:56+00:00","description":"Oplev intelligent glasstyring med iGlas \u2013 en innovativ l\u00f8sning, hvor du nemt kan skifte mellem klart og matteret glas med \u00e9t klik.","breadcrumb":{"@id":"https:\/\/www.iglas.dk\/#breadcrumb"},"inLanguage":"da-DK","potentialAction":[{"@type":"ReadAction","target":["https:\/\/www.iglas.dk\/"]}]},{"@type":"BreadcrumbList","@id":"https:\/\/www.iglas.dk\/#breadcrumb","itemListElement":[{"@type":"ListItem","position":1,"name":"Hjem","item":"https:\/\/www.iglas.dk\/"},{"@type":"ListItem","position":2,"name":"Forside"}]},{"@type":"WebSite","@id":"https:\/\/www.iglas.dk\/#website","url":"https:\/\/www.iglas.dk\/","name":"iGlas","description":"Intelligent Glas","potentialAction":[{"@type":"SearchAction","target":{"@type":"EntryPoint","urlTemplate":"https:\/\/www.iglas.dk\/?s={search_term_string}"},"query-input":{"@type":"PropertyValueSpecification","valueRequired":true,"valueName":"search_term_string"}}],"inLanguage":"da-DK"}]}},"_links":{"self":[{"href":"https:\/\/www.iglas.dk\/index.php\/wp-json\/wp\/v2\/pages\/18","targetHints":{"allow":["GET"]}}],"collection":[{"href":"https:\/\/www.iglas.dk\/index.php\/wp-json\/wp\/v2\/pages"}],"about":[{"href":"https:\/\/www.iglas.dk\/index.php\/wp-json\/wp\/v2\/types\/page"}],"author":[{"embeddable":true,"href":"https:\/\/www.iglas.dk\/index.php\/wp-json\/wp\/v2\/users\/1"}],"replies":[{"embeddable":true,"href":"https:\/\/www.iglas.dk\/index.php\/wp-json\/wp\/v2\/comments?post=18"}],"version-history":[{"count":65,"href":"https:\/\/www.iglas.dk\/index.php\/wp-json\/wp\/v2\/pages\/18\/revisions"}],"predecessor-version":[{"id":113,"href":"https:\/\/www.iglas.dk\/index.php\/wp-json\/wp\/v2\/pages\/18\/revisions\/113"}],"wp:attachment":[{"href":"https:\/\/www.iglas.dk\/index.php\/wp-json\/wp\/v2\/media?parent=18"}],"curies":[{"name":"wp","href":"https:\/\/api.w.org\/{rel}","templated":true}]}}